{"id":186,"date":"2024-01-01T01:00:00","date_gmt":"2024-01-01T01:00:00","guid":{"rendered":"https:\/\/cipo.com.pt\/cipo\/?page_id=186"},"modified":"2026-04-10T17:03:16","modified_gmt":"2026-04-10T17:03:16","slug":"tabela-de-precos","status":"publish","type":"page","link":"https:\/\/cipo.com.pt\/cipo\/tabela-de-precos\/","title":{"rendered":"Tabela de Pre\u00e7os"},"content":{"rendered":"\n<p class=\"has-text-align-left\"><strong>Inspe\u00e7\u00f5es Peri\u00f3dicas:<\/strong><\/p>\n\n\n\n<figure class=\"wp-block-table aligncenter is-style-stripes\"><table><tbody><tr><td><strong>Tipo de Ve\u00edculos<\/strong><\/td><td><strong>Inspe\u00e7\u00e3o<\/strong><\/td><td>  <strong>Reinspe\u00e7\u00e3o<\/strong><\/td><\/tr><tr><td>Ligeiro<\/td><td>37,47\u20ac<\/td><td>9,40\u20ac<\/td><\/tr><tr><td>Pesado<\/td><td>56,08\u20ac<\/td><td>9,40\u20ac<\/td><\/tr><tr><td>Reboque ou Semi-Reboque                  <\/td><td>37,47\u20ac<\/td><td>9,40\u20ac<\/td><\/tr><\/tbody><\/table><\/figure>\n\n\n\n<p><\/p>\n\n\n\n<p><\/p>\n\n\n\n<hr class=\"wp-block-separator has-css-opacity\"\/>\n\n\n\n<p><\/p>\n\n\n\n<p class=\"has-text-align-left\"><strong>Outras Inspe\u00e7\u00f5es:<\/strong><\/p>\n\n\n\n<figure class=\"wp-block-table aligncenter is-style-stripes\"><table><tbody><tr><td><strong>Tipo de Ve\u00edculos<\/strong><\/td><td><strong>Inspe\u00e7\u00e3o<\/strong><\/td><td> <strong>Reinspe\u00e7\u00e3o<\/strong> <\/td><\/tr><tr><td>Nova Matr\u00edcula<\/td><td>93,52\u20ac<\/td><td>46,76\u20ac<\/td><\/tr><tr><td>Extraordin\u00e1ria<\/td><td>130,80\u20ac<\/td><td>65,40\u20ac<\/td><\/tr><tr><td>Inspe\u00e7\u00f5es determinadas pelo IMT<\/td><td>43,48\u20ac<\/td><td>&#8212;&#8212;&#8211;<\/td><\/tr><tr><td>Emiss\u00e3o de 2\u00aa Via da Ficha de Inspe\u00e7\u00e3o              <\/td><td>3,52\u20ac<\/td><td>    &#8212;&#8212;&#8211;<\/td><\/tr><\/tbody><\/table><\/figure>\n\n\n\n<hr class=\"wp-block-separator has-css-opacity\"\/>\n\n\n\n<p><strong>(Iva inclu\u00eddo \u00e0 taxa em vigor)<\/strong><\/p>\n\n\n\n<p>(com in\u00edcio a 02-01-2026)<\/p>\n\n\n\n<p>As tarifas est\u00e3o de acordo com a Delibera\u00e7\u00e3o n\u00ba1598-A\/2025 de 31 de dezembro.<\/p>\n","protected":false},"excerpt":{"rendered":"<p>Inspe\u00e7\u00f5es Peri\u00f3dicas: Tipo de Ve\u00edculos Inspe\u00e7\u00e3o Reinspe\u00e7\u00e3o Ligeiro 37,47\u20ac 9,40\u20ac Pesado 56,08\u20ac 9,40\u20ac Reboque ou Semi-Reboque 37,47\u20ac 9,40\u20ac Outras Inspe\u00e7\u00f5es: Tipo de Ve\u00edculos Inspe\u00e7\u00e3o Reinspe\u00e7\u00e3o Nova Matr\u00edcula 93,52\u20ac 46,76\u20ac Extraordin\u00e1ria 130,80\u20ac 65,40\u20ac Inspe\u00e7\u00f5es determinadas pelo IMT 43,48\u20ac &#8212;&#8212;&#8211; Emiss\u00e3o de 2\u00aa Via da Ficha de Inspe\u00e7\u00e3o 3,52\u20ac &#8212;&#8212;&#8211; (Iva inclu\u00eddo \u00e0 taxa em vigor) (com [&hellip;]<\/p>\n","protected":false},"author":1,"featured_media":0,"parent":0,"menu_order":0,"comment_status":"closed","ping_status":"closed","template":"","meta":{"sfsi_plus_gutenberg_text_before_share":"","sfsi_plus_gutenberg_show_text_before_share":"","sfsi_plus_gutenberg_icon_type":"","sfsi_plus_gutenberg_icon_alignemt":"","sfsi_plus_gutenburg_max_per_row":"","footnotes":""},"class_list":["post-186","page","type-page","status-publish","hentry"],"jetpack_sharing_enabled":true,"_links":{"self":[{"href":"https:\/\/cipo.com.pt\/cipo\/wp-json\/wp\/v2\/pages\/186","targetHints":{"allow":["GET"]}}],"collection":[{"href":"https:\/\/cipo.com.pt\/cipo\/wp-json\/wp\/v2\/pages"}],"about":[{"href":"https:\/\/cipo.com.pt\/cipo\/wp-json\/wp\/v2\/types\/page"}],"author":[{"embeddable":true,"href":"https:\/\/cipo.com.pt\/cipo\/wp-json\/wp\/v2\/users\/1"}],"replies":[{"embeddable":true,"href":"https:\/\/cipo.com.pt\/cipo\/wp-json\/wp\/v2\/comments?post=186"}],"version-history":[{"count":31,"href":"https:\/\/cipo.com.pt\/cipo\/wp-json\/wp\/v2\/pages\/186\/revisions"}],"predecessor-version":[{"id":564,"href":"https:\/\/cipo.com.pt\/cipo\/wp-json\/wp\/v2\/pages\/186\/revisions\/564"}],"wp:attachment":[{"href":"https:\/\/cipo.com.pt\/cipo\/wp-json\/wp\/v2\/media?parent=186"}],"curies":[{"name":"wp","href":"https:\/\/api.w.org\/{rel}","templated":true}]}}