{"id":194,"date":"2021-07-22T13:38:05","date_gmt":"2021-07-22T13:38:05","guid":{"rendered":"https:\/\/cipo.com.pt\/cipo\/?page_id=194"},"modified":"2022-12-06T16:19:25","modified_gmt":"2022-12-06T16:19:25","slug":"contactos","status":"publish","type":"page","link":"https:\/\/cipo.com.pt\/cipo\/contactos\/","title":{"rendered":"Contactos"},"content":{"rendered":"\n<p>Se tiver alguma d\u00favida ou quest\u00e3o n\u00e3o hesite em contactar-nos.<\/p>\n\n\n\n<p>Email:<\/p>\n\n\n\n<ul class=\"wp-block-list\">\n<li>serv_adm@cipo.com.pt   <\/li>\n\n\n\n<li>jorge@cipo.com.pt<\/li>\n\n\n\n<li>geral@cipo.com.pt<\/li>\n<\/ul>\n\n\n\n<ul class=\"wp-block-list\">\n<li>Tel. : 274 602 016 (chamada para a rede fixa nacional)<\/li>\n\n\n\n<li>Fax: 274 602 017<\/li>\n<\/ul>\n\n\n\n<ul class=\"wp-block-list\">\n<li>Morada: Zona Industrial da Sert\u00e3 Lt9     6100-711 SERT\u00c3 &#8211; PORTUGAL<\/li>\n<\/ul>\n\n\n\n<div class=\"wp-block-columns is-layout-flex wp-container-core-columns-is-layout-9d6595d7 wp-block-columns-is-layout-flex\">\n<div class=\"wp-block-column is-layout-flow wp-block-column-is-layout-flow\" style=\"flex-basis:100%\">\n<div class=\"wp-block-group\"><div class=\"wp-block-group__inner-container is-layout-flow wp-block-group-is-layout-flow\"><p><iframe src=\"https:\/\/www.google.com\/maps\/embed?pb=!1m18!1m12!1m3!1d3407.736261363056!2d-8.110433948835627!3d39.816671179338535!2m3!1f0!2f0!3f0!3m2!1i1024!2i768!4f13.1!3m3!1m2!1s0xd22a25e904b8231%3A0xad0889824af2342c!2sCIPO%20-%20Centro%20de%20Inspec%C3%A7%C3%B5es%20da%20Sert%C3%A3!5e1!3m2!1spt-PT!2spt!4v1626960707876!5m2!1spt-PT!2spt\" width=\"800\" height=\"600\" style=\"border:0;\" allowfullscreen=\"\" loading=\"lazy\"><\/iframe><\/p>\n<\/div><\/div>\n<\/div>\n<\/div>\n","protected":false},"excerpt":{"rendered":"<p>Se tiver alguma d\u00favida ou quest\u00e3o n\u00e3o hesite em contactar-nos. Email:<\/p>\n","protected":false},"author":1,"featured_media":0,"parent":0,"menu_order":0,"comment_status":"closed","ping_status":"closed","template":"","meta":{"sfsi_plus_gutenberg_text_before_share":"","sfsi_plus_gutenberg_show_text_before_share":"","sfsi_plus_gutenberg_icon_type":"","sfsi_plus_gutenberg_icon_alignemt":"","sfsi_plus_gutenburg_max_per_row":"","footnotes":""},"class_list":["post-194","page","type-page","status-publish","hentry"],"jetpack_sharing_enabled":true,"_links":{"self":[{"href":"https:\/\/cipo.com.pt\/cipo\/wp-json\/wp\/v2\/pages\/194","targetHints":{"allow":["GET"]}}],"collection":[{"href":"https:\/\/cipo.com.pt\/cipo\/wp-json\/wp\/v2\/pages"}],"about":[{"href":"https:\/\/cipo.com.pt\/cipo\/wp-json\/wp\/v2\/types\/page"}],"author":[{"embeddable":true,"href":"https:\/\/cipo.com.pt\/cipo\/wp-json\/wp\/v2\/users\/1"}],"replies":[{"embeddable":true,"href":"https:\/\/cipo.com.pt\/cipo\/wp-json\/wp\/v2\/comments?post=194"}],"version-history":[{"count":9,"href":"https:\/\/cipo.com.pt\/cipo\/wp-json\/wp\/v2\/pages\/194\/revisions"}],"predecessor-version":[{"id":457,"href":"https:\/\/cipo.com.pt\/cipo\/wp-json\/wp\/v2\/pages\/194\/revisions\/457"}],"wp:attachment":[{"href":"https:\/\/cipo.com.pt\/cipo\/wp-json\/wp\/v2\/media?parent=194"}],"curies":[{"name":"wp","href":"https:\/\/api.w.org\/{rel}","templated":true}]}}